{"id":863,"date":"2025-12-17T17:21:03","date_gmt":"2025-12-17T16:21:03","guid":{"rendered":"https:\/\/horizonroutes.com\/itinerary\/londra\/"},"modified":"2026-04-14T16:34:50","modified_gmt":"2026-04-14T14:34:50","slug":"londra","status":"publish","type":"product","link":"https:\/\/horizonroutes.com\/it\/itinerary\/londra\/","title":{"rendered":"Londra"},"content":{"rendered":"<p>Capitale del Regno Unito, affacciata sulle rive del Tamigi, Londra \u00e8 una delle citt\u00e0 pi\u00f9 iconiche e cosmopolite al mondo, dove storia antica e innovazione contemporanea convivono in perfetta armonia. Da maestosi palazzi reali come Buckingham Palace e la Torre di Londra a straordinari musei come il British Museum e la National Gallery, dai romantici parchi reali agli eccentrici mercatini vintage, dai quartieri storici di Westminster e della City ai vivaci e multiculturali Shoreditch e Camden, la citt\u00e0 offre un caleidoscopio infinito di esperienze. <\/p>\n","protected":false},"excerpt":{"rendered":"<blockquote><p>Scopri l&#8217;affascinante capitale del Regno Unito con Horizon Routes: sono disponibili itinerari da 2 a 5 giorni, pensati per permetterti di goderti appieno il tuo soggiorno a Londra e dintorni. Vuoi personalizzare l&#8217;itinerario secondo il tuo passo, le tue passioni, i tuoi interessi? Acquista il pacchetto con la consulenza di 60 minuti! <\/p><\/blockquote>\n","protected":false},"featured_media":515,"comment_status":"open","ping_status":"closed","template":"","meta":[],"product_brand":[],"product_cat":[44],"product_tag":[],"class_list":{"0":"post-863","1":"product","2":"type-product","3":"status-publish","4":"has-post-thumbnail","6":"product_cat-itinerari","8":"first","9":"instock","10":"shipping-taxable","11":"purchasable","12":"product-type-variable"},"yoast_head":"<!-- This site is optimized with the Yoast SEO plugin v27.0 - https:\/\/yoast.com\/product\/yoast-seo-wordpress\/ -->\n<title>Itinerario a Londra da 2 a 5 giorni | Scarica e parti | Horizon Routes<\/title>\n<meta name=\"description\" content=\"Itinerari per Londra da 2, 3, 4 e 5 giorni in PDF scaricabile, con mappe, consigli pratici e programma giornaliero. Aggiungi 1h di consulenza per personalizzarlo. A partire da \u20ac7,99.\" \/>\n<meta name=\"robots\" content=\"index, follow, max-snippet:-1, max-image-preview:large, max-video-preview:-1\" \/>\n<link rel=\"canonical\" href=\"https:\/\/horizonroutes.com\/it\/itinerary\/londra\/\" \/>\n<meta property=\"og:locale\" content=\"it_IT\" \/>\n<meta property=\"og:type\" content=\"article\" \/>\n<meta property=\"og:title\" content=\"Itinerario a Londra da 2 a 5 giorni | Scarica e parti | Horizon Routes\" \/>\n<meta property=\"og:description\" content=\"Itinerari per Londra da 2, 3, 4 e 5 giorni in PDF scaricabile, con mappe, consigli pratici e programma giornaliero. Aggiungi 1h di consulenza per personalizzarlo. A partire da \u20ac7,99.\" \/>\n<meta property=\"og:url\" content=\"https:\/\/horizonroutes.com\/it\/itinerary\/londra\/\" \/>\n<meta property=\"og:site_name\" content=\"Horizon Routes\" \/>\n<meta property=\"article:modified_time\" content=\"2026-04-14T14:34:50+00:00\" \/>\n<meta property=\"og:image\" content=\"https:\/\/horizonroutes.com\/wp-content\/uploads\/2025\/12\/pexels-chaitaastic-1796706-scaled-e1766051318907.jpg\" \/>\n\t<meta property=\"og:image:width\" content=\"2560\" \/>\n\t<meta property=\"og:image:height\" content=\"1440\" \/>\n\t<meta property=\"og:image:type\" content=\"image\/jpeg\" \/>\n<meta name=\"twitter:card\" content=\"summary_large_image\" \/>\n<meta name=\"twitter:label1\" content=\"Tempo di lettura stimato\" \/>\n\t<meta name=\"twitter:data1\" content=\"1 minuto\" \/>\n<script type=\"application\/ld+json\" class=\"yoast-schema-graph\">{\"@context\":\"https:\/\/schema.org\",\"@graph\":[{\"@type\":\"WebPage\",\"@id\":\"https:\/\/horizonroutes.com\/it\/itinerary\/londra\/\",\"url\":\"https:\/\/horizonroutes.com\/it\/itinerary\/londra\/\",\"name\":\"Itinerario a Londra da 2 a 5 giorni | Scarica e parti | Horizon Routes\",\"isPartOf\":{\"@id\":\"https:\/\/horizonroutes.com\/it\/#website\"},\"primaryImageOfPage\":{\"@id\":\"https:\/\/horizonroutes.com\/it\/itinerary\/londra\/#primaryimage\"},\"image\":{\"@id\":\"https:\/\/horizonroutes.com\/it\/itinerary\/londra\/#primaryimage\"},\"thumbnailUrl\":\"https:\/\/horizonroutes.com\/wp-content\/uploads\/2025\/12\/pexels-chaitaastic-1796706-scaled-e1766051318907.jpg\",\"datePublished\":\"2025-12-17T16:21:03+00:00\",\"dateModified\":\"2026-04-14T14:34:50+00:00\",\"description\":\"Itinerari per Londra da 2, 3, 4 e 5 giorni in PDF scaricabile, con mappe, consigli pratici e programma giornaliero. Aggiungi 1h di consulenza per personalizzarlo. A partire da \u20ac7,99.\",\"breadcrumb\":{\"@id\":\"https:\/\/horizonroutes.com\/it\/itinerary\/londra\/#breadcrumb\"},\"inLanguage\":\"it-IT\",\"potentialAction\":[{\"@type\":\"ReadAction\",\"target\":[\"https:\/\/horizonroutes.com\/it\/itinerary\/londra\/\"]}]},{\"@type\":\"ImageObject\",\"inLanguage\":\"it-IT\",\"@id\":\"https:\/\/horizonroutes.com\/it\/itinerary\/londra\/#primaryimage\",\"url\":\"https:\/\/horizonroutes.com\/wp-content\/uploads\/2025\/12\/pexels-chaitaastic-1796706-scaled-e1766051318907.jpg\",\"contentUrl\":\"https:\/\/horizonroutes.com\/wp-content\/uploads\/2025\/12\/pexels-chaitaastic-1796706-scaled-e1766051318907.jpg\",\"width\":2560,\"height\":1440},{\"@type\":\"BreadcrumbList\",\"@id\":\"https:\/\/horizonroutes.com\/it\/itinerary\/londra\/#breadcrumb\",\"itemListElement\":[{\"@type\":\"ListItem\",\"position\":1,\"name\":\"Home\",\"item\":\"https:\/\/horizonroutes.com\/it\/\"},{\"@type\":\"ListItem\",\"position\":2,\"name\":\"Negozio\",\"item\":\"https:\/\/horizonroutes.com\/it\/shop\/\"},{\"@type\":\"ListItem\",\"position\":3,\"name\":\"Londra\"}]},{\"@type\":\"WebSite\",\"@id\":\"https:\/\/horizonroutes.com\/it\/#website\",\"url\":\"https:\/\/horizonroutes.com\/it\/\",\"name\":\"Horizon Routes\",\"description\":\"Travel smarter. Explore deeper.\",\"publisher\":{\"@id\":\"https:\/\/horizonroutes.com\/it\/#organization\"},\"potentialAction\":[{\"@type\":\"SearchAction\",\"target\":{\"@type\":\"EntryPoint\",\"urlTemplate\":\"https:\/\/horizonroutes.com\/it\/?s={search_term_string}\"},\"query-input\":{\"@type\":\"PropertyValueSpecification\",\"valueRequired\":true,\"valueName\":\"search_term_string\"}}],\"inLanguage\":\"it-IT\"},{\"@type\":\"Organization\",\"@id\":\"https:\/\/horizonroutes.com\/it\/#organization\",\"name\":\"Horizon Routes\",\"url\":\"https:\/\/horizonroutes.com\/it\/\",\"logo\":{\"@type\":\"ImageObject\",\"inLanguage\":\"it-IT\",\"@id\":\"https:\/\/horizonroutes.com\/it\/#\/schema\/logo\/image\/\",\"url\":\"https:\/\/horizonroutes.com\/wp-content\/uploads\/2025\/12\/Horizon-Routes-logo.svg\",\"contentUrl\":\"https:\/\/horizonroutes.com\/wp-content\/uploads\/2025\/12\/Horizon-Routes-logo.svg\",\"width\":444,\"height\":158,\"caption\":\"Horizon Routes\"},\"image\":{\"@id\":\"https:\/\/horizonroutes.com\/it\/#\/schema\/logo\/image\/\"}}]}<\/script>\n<!-- \/ Yoast SEO plugin. -->","yoast_head_json":{"title":"Itinerario a Londra da 2 a 5 giorni | Scarica e parti | Horizon Routes","description":"Itinerari per Londra da 2, 3, 4 e 5 giorni in PDF scaricabile, con mappe, consigli pratici e programma giornaliero. Aggiungi 1h di consulenza per personalizzarlo. A partire da \u20ac7,99.","robots":{"index":"index","follow":"follow","max-snippet":"max-snippet:-1","max-image-preview":"max-image-preview:large","max-video-preview":"max-video-preview:-1"},"canonical":"https:\/\/horizonroutes.com\/it\/itinerary\/londra\/","og_locale":"it_IT","og_type":"article","og_title":"Itinerario a Londra da 2 a 5 giorni | Scarica e parti | Horizon Routes","og_description":"Itinerari per Londra da 2, 3, 4 e 5 giorni in PDF scaricabile, con mappe, consigli pratici e programma giornaliero. Aggiungi 1h di consulenza per personalizzarlo. A partire da \u20ac7,99.","og_url":"https:\/\/horizonroutes.com\/it\/itinerary\/londra\/","og_site_name":"Horizon Routes","article_modified_time":"2026-04-14T14:34:50+00:00","og_image":[{"width":2560,"height":1440,"url":"https:\/\/horizonroutes.com\/wp-content\/uploads\/2025\/12\/pexels-chaitaastic-1796706-scaled-e1766051318907.jpg","type":"image\/jpeg"}],"twitter_card":"summary_large_image","twitter_misc":{"Tempo di lettura stimato":"1 minuto"},"schema":{"@context":"https:\/\/schema.org","@graph":[{"@type":"WebPage","@id":"https:\/\/horizonroutes.com\/it\/itinerary\/londra\/","url":"https:\/\/horizonroutes.com\/it\/itinerary\/londra\/","name":"Itinerario a Londra da 2 a 5 giorni | Scarica e parti | Horizon Routes","isPartOf":{"@id":"https:\/\/horizonroutes.com\/it\/#website"},"primaryImageOfPage":{"@id":"https:\/\/horizonroutes.com\/it\/itinerary\/londra\/#primaryimage"},"image":{"@id":"https:\/\/horizonroutes.com\/it\/itinerary\/londra\/#primaryimage"},"thumbnailUrl":"https:\/\/horizonroutes.com\/wp-content\/uploads\/2025\/12\/pexels-chaitaastic-1796706-scaled-e1766051318907.jpg","datePublished":"2025-12-17T16:21:03+00:00","dateModified":"2026-04-14T14:34:50+00:00","description":"Itinerari per Londra da 2, 3, 4 e 5 giorni in PDF scaricabile, con mappe, consigli pratici e programma giornaliero. Aggiungi 1h di consulenza per personalizzarlo. A partire da \u20ac7,99.","breadcrumb":{"@id":"https:\/\/horizonroutes.com\/it\/itinerary\/londra\/#breadcrumb"},"inLanguage":"it-IT","potentialAction":[{"@type":"ReadAction","target":["https:\/\/horizonroutes.com\/it\/itinerary\/londra\/"]}]},{"@type":"ImageObject","inLanguage":"it-IT","@id":"https:\/\/horizonroutes.com\/it\/itinerary\/londra\/#primaryimage","url":"https:\/\/horizonroutes.com\/wp-content\/uploads\/2025\/12\/pexels-chaitaastic-1796706-scaled-e1766051318907.jpg","contentUrl":"https:\/\/horizonroutes.com\/wp-content\/uploads\/2025\/12\/pexels-chaitaastic-1796706-scaled-e1766051318907.jpg","width":2560,"height":1440},{"@type":"BreadcrumbList","@id":"https:\/\/horizonroutes.com\/it\/itinerary\/londra\/#breadcrumb","itemListElement":[{"@type":"ListItem","position":1,"name":"Home","item":"https:\/\/horizonroutes.com\/it\/"},{"@type":"ListItem","position":2,"name":"Negozio","item":"https:\/\/horizonroutes.com\/it\/shop\/"},{"@type":"ListItem","position":3,"name":"Londra"}]},{"@type":"WebSite","@id":"https:\/\/horizonroutes.com\/it\/#website","url":"https:\/\/horizonroutes.com\/it\/","name":"Horizon Routes","description":"Travel smarter. Explore deeper.","publisher":{"@id":"https:\/\/horizonroutes.com\/it\/#organization"},"potentialAction":[{"@type":"SearchAction","target":{"@type":"EntryPoint","urlTemplate":"https:\/\/horizonroutes.com\/it\/?s={search_term_string}"},"query-input":{"@type":"PropertyValueSpecification","valueRequired":true,"valueName":"search_term_string"}}],"inLanguage":"it-IT"},{"@type":"Organization","@id":"https:\/\/horizonroutes.com\/it\/#organization","name":"Horizon Routes","url":"https:\/\/horizonroutes.com\/it\/","logo":{"@type":"ImageObject","inLanguage":"it-IT","@id":"https:\/\/horizonroutes.com\/it\/#\/schema\/logo\/image\/","url":"https:\/\/horizonroutes.com\/wp-content\/uploads\/2025\/12\/Horizon-Routes-logo.svg","contentUrl":"https:\/\/horizonroutes.com\/wp-content\/uploads\/2025\/12\/Horizon-Routes-logo.svg","width":444,"height":158,"caption":"Horizon Routes"},"image":{"@id":"https:\/\/horizonroutes.com\/it\/#\/schema\/logo\/image\/"}}]}},"_links":{"self":[{"href":"https:\/\/horizonroutes.com\/it\/wp-json\/wp\/v2\/product\/863","targetHints":{"allow":["GET"]}}],"collection":[{"href":"https:\/\/horizonroutes.com\/it\/wp-json\/wp\/v2\/product"}],"about":[{"href":"https:\/\/horizonroutes.com\/it\/wp-json\/wp\/v2\/types\/product"}],"replies":[{"embeddable":true,"href":"https:\/\/horizonroutes.com\/it\/wp-json\/wp\/v2\/comments?post=863"}],"wp:featuredmedia":[{"embeddable":true,"href":"https:\/\/horizonroutes.com\/it\/wp-json\/wp\/v2\/media\/515"}],"wp:attachment":[{"href":"https:\/\/horizonroutes.com\/it\/wp-json\/wp\/v2\/media?parent=863"}],"wp:term":[{"taxonomy":"product_brand","embeddable":true,"href":"https:\/\/horizonroutes.com\/it\/wp-json\/wp\/v2\/product_brand?post=863"},{"taxonomy":"product_cat","embeddable":true,"href":"https:\/\/horizonroutes.com\/it\/wp-json\/wp\/v2\/product_cat?post=863"},{"taxonomy":"product_tag","embeddable":true,"href":"https:\/\/horizonroutes.com\/it\/wp-json\/wp\/v2\/product_tag?post=863"}],"curies":[{"name":"wp","href":"https:\/\/api.w.org\/{rel}","templated":true}]}}