{"id":1043,"date":"2025-12-31T17:13:49","date_gmt":"2025-12-31T16:13:49","guid":{"rendered":"https:\/\/horizonroutes.com\/itinerary\/budapest\/"},"modified":"2026-04-13T19:10:12","modified_gmt":"2026-04-13T17:10:12","slug":"budapest","status":"publish","type":"product","link":"https:\/\/horizonroutes.com\/it\/itinerary\/budapest\/","title":{"rendered":"Budapest"},"content":{"rendered":"<div class=\"text-base my-auto mx-auto pb-10 [--thread-content-margin:--spacing(4)] @w-sm\/main:[--thread-content-margin:--spacing(6)] @w-lg\/main:[--thread-content-margin:--spacing(16)] px-(--thread-content-margin)\">\n<div class=\"[--thread-content-max-width:40rem] @w-lg\/main:[--thread-content-max-width:48rem] mx-auto max-w-(--thread-content-max-width) flex-1 group\/turn-messages focus-visible:outline-hidden relative flex w-full min-w-0 flex-col agent-turn\" tabindex=\"-1\">\n<div class=\"flex max-w-full flex-col grow\">\n<div class=\"min-h-8 text-message relative flex w-full flex-col items-end gap-2 text-start break-words whitespace-normal [.text-message+&amp;]:mt-1\" dir=\"auto\" data-message-author-role=\"assistant\" data-message-id=\"3d9aca86-9ed2-46d8-8854-4856f4d747b8\" data-message-model-slug=\"gpt-5-2\">\n<div class=\"flex w-full flex-col gap-1 empty:hidden first:pt-[1px]\">\n<div class=\"markdown prose dark:prose-invert w-full break-words light markdown-new-styling\">\n<p style=\"text-align: center;\" data-start=\"0\" data-end=\"804\" data-is-last-node=\"\" data-is-only-node=\"\">Budapest \u00e8 una citt\u00e0 dall&#8217;eleganza senza tempo, dove storia e vitalit\u00e0 si incontrano lungo la dolce curva del Danubio. Dal maestoso Parlamento che si erge sopra il fiume al Ponte delle Catene che collega Buda e Pest in un grazioso abbraccio, dalle torri fiabesche del Bastione dei Pescatori alle sale regali del Castello di Buda, ogni quartiere rivela strati di cultura e tradizione. Passeggiate per le strade acciottolate del quartiere del castello con le sue viste panoramiche, rilassatevi nelle terme secolari dove il vapore aleggia sotto cupole decorate e fermatevi nei caff\u00e8 storici dove l&#8217;aroma del caff\u00e8 forte e dei dolci riempie l&#8217;aria. Al calar della sera, quando le luci della citt\u00e0 brillano sul Danubio, Budapest risplende di una quieta grandezza, offrendo un&#8217;atmosfera affascinante che permane a lungo dopo il calare della notte.<\/p>\n<\/div>\n<\/div>\n<\/div>\n<\/div>\n<\/div>\n<\/div>\n","protected":false},"excerpt":{"rendered":"<blockquote><p>Esplora il fascino della capitale ungherese con Horizon Routes: abbiamo ideato itinerari di 2 e 3 giorni con suggerimenti accuratamente selezionati e opzioni flessibili, per permetterti di goderti Budapest in modo completo e coinvolgente. Vuoi personalizzare l&#8217;itinerario secondo il tuo passo, le tue passioni, i tuoi interessi? Acquista il pacchetto con la consulenza di 60 minuti!<\/p><\/blockquote>\n","protected":false},"featured_media":1042,"comment_status":"open","ping_status":"closed","template":"","meta":[],"product_brand":[],"product_cat":[44],"product_tag":[],"class_list":{"0":"post-1043","1":"product","2":"type-product","3":"status-publish","4":"has-post-thumbnail","6":"product_cat-itinerari","8":"first","9":"instock","10":"shipping-taxable","11":"purchasable","12":"product-type-variable"},"yoast_head":"<!-- This site is optimized with the Yoast SEO plugin v27.0 - https:\/\/yoast.com\/product\/yoast-seo-wordpress\/ -->\n<title>Itinerario completo di Budapest - I migliori percorsi e consigli | Horizon Routes<\/title>\n<meta name=\"description\" content=\"Scopri il fascino di Budapest con il nostro itinerario dettagliato che copre luoghi iconici come il Parlamento, il Castello di Buda, i ruin bar e le terme. La tua guida definitiva per esplorare la Perla del Danubio.\" \/>\n<meta name=\"robots\" content=\"index, follow, max-snippet:-1, max-image-preview:large, max-video-preview:-1\" \/>\n<link rel=\"canonical\" href=\"https:\/\/horizonroutes.com\/it\/itinerary\/budapest\/\" \/>\n<meta property=\"og:locale\" content=\"it_IT\" \/>\n<meta property=\"og:type\" content=\"article\" \/>\n<meta property=\"og:title\" content=\"Itinerario completo di Budapest - I migliori percorsi e consigli | Horizon Routes\" \/>\n<meta property=\"og:description\" content=\"Scopri il fascino di Budapest con il nostro itinerario dettagliato che copre luoghi iconici come il Parlamento, il Castello di Buda, i ruin bar e le terme. La tua guida definitiva per esplorare la Perla del Danubio.\" \/>\n<meta property=\"og:url\" content=\"https:\/\/horizonroutes.com\/it\/itinerary\/budapest\/\" \/>\n<meta property=\"og:site_name\" content=\"Horizon Routes\" \/>\n<meta property=\"article:modified_time\" content=\"2026-04-13T17:10:12+00:00\" \/>\n<meta property=\"og:image\" content=\"https:\/\/horizonroutes.com\/wp-content\/uploads\/2025\/12\/AdobeStock_283393015-scaled.jpeg\" \/>\n\t<meta property=\"og:image:width\" content=\"2560\" \/>\n\t<meta property=\"og:image:height\" content=\"1709\" \/>\n\t<meta property=\"og:image:type\" content=\"image\/jpeg\" \/>\n<meta name=\"twitter:card\" content=\"summary_large_image\" \/>\n<meta name=\"twitter:label1\" content=\"Tempo di lettura stimato\" \/>\n\t<meta name=\"twitter:data1\" content=\"1 minuto\" \/>\n<script type=\"application\/ld+json\" class=\"yoast-schema-graph\">{\"@context\":\"https:\/\/schema.org\",\"@graph\":[{\"@type\":\"WebPage\",\"@id\":\"https:\/\/horizonroutes.com\/it\/itinerary\/budapest\/\",\"url\":\"https:\/\/horizonroutes.com\/it\/itinerary\/budapest\/\",\"name\":\"Itinerario completo di Budapest - I migliori percorsi e consigli | Horizon Routes\",\"isPartOf\":{\"@id\":\"https:\/\/horizonroutes.com\/it\/#website\"},\"primaryImageOfPage\":{\"@id\":\"https:\/\/horizonroutes.com\/it\/itinerary\/budapest\/#primaryimage\"},\"image\":{\"@id\":\"https:\/\/horizonroutes.com\/it\/itinerary\/budapest\/#primaryimage\"},\"thumbnailUrl\":\"https:\/\/horizonroutes.com\/wp-content\/uploads\/2025\/12\/AdobeStock_283393015-scaled.jpeg\",\"datePublished\":\"2025-12-31T16:13:49+00:00\",\"dateModified\":\"2026-04-13T17:10:12+00:00\",\"description\":\"Scopri il fascino di Budapest con il nostro itinerario dettagliato che copre luoghi iconici come il Parlamento, il Castello di Buda, i ruin bar e le terme. La tua guida definitiva per esplorare la Perla del Danubio.\",\"breadcrumb\":{\"@id\":\"https:\/\/horizonroutes.com\/it\/itinerary\/budapest\/#breadcrumb\"},\"inLanguage\":\"it-IT\",\"potentialAction\":[{\"@type\":\"ReadAction\",\"target\":[\"https:\/\/horizonroutes.com\/it\/itinerary\/budapest\/\"]}]},{\"@type\":\"ImageObject\",\"inLanguage\":\"it-IT\",\"@id\":\"https:\/\/horizonroutes.com\/it\/itinerary\/budapest\/#primaryimage\",\"url\":\"https:\/\/horizonroutes.com\/wp-content\/uploads\/2025\/12\/AdobeStock_283393015-scaled.jpeg\",\"contentUrl\":\"https:\/\/horizonroutes.com\/wp-content\/uploads\/2025\/12\/AdobeStock_283393015-scaled.jpeg\",\"width\":2560,\"height\":1709,\"caption\":\"Panoramic view of Budapest with Hungarian Parliament Building on the bank of the Danube and Chain Bridge by night\"},{\"@type\":\"BreadcrumbList\",\"@id\":\"https:\/\/horizonroutes.com\/it\/itinerary\/budapest\/#breadcrumb\",\"itemListElement\":[{\"@type\":\"ListItem\",\"position\":1,\"name\":\"Home\",\"item\":\"https:\/\/horizonroutes.com\/it\/\"},{\"@type\":\"ListItem\",\"position\":2,\"name\":\"Negozio\",\"item\":\"https:\/\/horizonroutes.com\/it\/shop\/\"},{\"@type\":\"ListItem\",\"position\":3,\"name\":\"Budapest\"}]},{\"@type\":\"WebSite\",\"@id\":\"https:\/\/horizonroutes.com\/it\/#website\",\"url\":\"https:\/\/horizonroutes.com\/it\/\",\"name\":\"Horizon Routes\",\"description\":\"Travel smarter. Explore deeper.\",\"publisher\":{\"@id\":\"https:\/\/horizonroutes.com\/it\/#organization\"},\"potentialAction\":[{\"@type\":\"SearchAction\",\"target\":{\"@type\":\"EntryPoint\",\"urlTemplate\":\"https:\/\/horizonroutes.com\/it\/?s={search_term_string}\"},\"query-input\":{\"@type\":\"PropertyValueSpecification\",\"valueRequired\":true,\"valueName\":\"search_term_string\"}}],\"inLanguage\":\"it-IT\"},{\"@type\":\"Organization\",\"@id\":\"https:\/\/horizonroutes.com\/it\/#organization\",\"name\":\"Horizon Routes\",\"url\":\"https:\/\/horizonroutes.com\/it\/\",\"logo\":{\"@type\":\"ImageObject\",\"inLanguage\":\"it-IT\",\"@id\":\"https:\/\/horizonroutes.com\/it\/#\/schema\/logo\/image\/\",\"url\":\"https:\/\/horizonroutes.com\/wp-content\/uploads\/2025\/12\/Horizon-Routes-logo.svg\",\"contentUrl\":\"https:\/\/horizonroutes.com\/wp-content\/uploads\/2025\/12\/Horizon-Routes-logo.svg\",\"width\":444,\"height\":158,\"caption\":\"Horizon Routes\"},\"image\":{\"@id\":\"https:\/\/horizonroutes.com\/it\/#\/schema\/logo\/image\/\"}}]}<\/script>\n<!-- \/ Yoast SEO plugin. -->","yoast_head_json":{"title":"Itinerario completo di Budapest - I migliori percorsi e consigli | Horizon Routes","description":"Scopri il fascino di Budapest con il nostro itinerario dettagliato che copre luoghi iconici come il Parlamento, il Castello di Buda, i ruin bar e le terme. La tua guida definitiva per esplorare la Perla del Danubio.","robots":{"index":"index","follow":"follow","max-snippet":"max-snippet:-1","max-image-preview":"max-image-preview:large","max-video-preview":"max-video-preview:-1"},"canonical":"https:\/\/horizonroutes.com\/it\/itinerary\/budapest\/","og_locale":"it_IT","og_type":"article","og_title":"Itinerario completo di Budapest - I migliori percorsi e consigli | Horizon Routes","og_description":"Scopri il fascino di Budapest con il nostro itinerario dettagliato che copre luoghi iconici come il Parlamento, il Castello di Buda, i ruin bar e le terme. La tua guida definitiva per esplorare la Perla del Danubio.","og_url":"https:\/\/horizonroutes.com\/it\/itinerary\/budapest\/","og_site_name":"Horizon Routes","article_modified_time":"2026-04-13T17:10:12+00:00","og_image":[{"width":2560,"height":1709,"url":"https:\/\/horizonroutes.com\/wp-content\/uploads\/2025\/12\/AdobeStock_283393015-scaled.jpeg","type":"image\/jpeg"}],"twitter_card":"summary_large_image","twitter_misc":{"Tempo di lettura stimato":"1 minuto"},"schema":{"@context":"https:\/\/schema.org","@graph":[{"@type":"WebPage","@id":"https:\/\/horizonroutes.com\/it\/itinerary\/budapest\/","url":"https:\/\/horizonroutes.com\/it\/itinerary\/budapest\/","name":"Itinerario completo di Budapest - I migliori percorsi e consigli | Horizon Routes","isPartOf":{"@id":"https:\/\/horizonroutes.com\/it\/#website"},"primaryImageOfPage":{"@id":"https:\/\/horizonroutes.com\/it\/itinerary\/budapest\/#primaryimage"},"image":{"@id":"https:\/\/horizonroutes.com\/it\/itinerary\/budapest\/#primaryimage"},"thumbnailUrl":"https:\/\/horizonroutes.com\/wp-content\/uploads\/2025\/12\/AdobeStock_283393015-scaled.jpeg","datePublished":"2025-12-31T16:13:49+00:00","dateModified":"2026-04-13T17:10:12+00:00","description":"Scopri il fascino di Budapest con il nostro itinerario dettagliato che copre luoghi iconici come il Parlamento, il Castello di Buda, i ruin bar e le terme. La tua guida definitiva per esplorare la Perla del Danubio.","breadcrumb":{"@id":"https:\/\/horizonroutes.com\/it\/itinerary\/budapest\/#breadcrumb"},"inLanguage":"it-IT","potentialAction":[{"@type":"ReadAction","target":["https:\/\/horizonroutes.com\/it\/itinerary\/budapest\/"]}]},{"@type":"ImageObject","inLanguage":"it-IT","@id":"https:\/\/horizonroutes.com\/it\/itinerary\/budapest\/#primaryimage","url":"https:\/\/horizonroutes.com\/wp-content\/uploads\/2025\/12\/AdobeStock_283393015-scaled.jpeg","contentUrl":"https:\/\/horizonroutes.com\/wp-content\/uploads\/2025\/12\/AdobeStock_283393015-scaled.jpeg","width":2560,"height":1709,"caption":"Panoramic view of Budapest with Hungarian Parliament Building on the bank of the Danube and Chain Bridge by night"},{"@type":"BreadcrumbList","@id":"https:\/\/horizonroutes.com\/it\/itinerary\/budapest\/#breadcrumb","itemListElement":[{"@type":"ListItem","position":1,"name":"Home","item":"https:\/\/horizonroutes.com\/it\/"},{"@type":"ListItem","position":2,"name":"Negozio","item":"https:\/\/horizonroutes.com\/it\/shop\/"},{"@type":"ListItem","position":3,"name":"Budapest"}]},{"@type":"WebSite","@id":"https:\/\/horizonroutes.com\/it\/#website","url":"https:\/\/horizonroutes.com\/it\/","name":"Horizon Routes","description":"Travel smarter. Explore deeper.","publisher":{"@id":"https:\/\/horizonroutes.com\/it\/#organization"},"potentialAction":[{"@type":"SearchAction","target":{"@type":"EntryPoint","urlTemplate":"https:\/\/horizonroutes.com\/it\/?s={search_term_string}"},"query-input":{"@type":"PropertyValueSpecification","valueRequired":true,"valueName":"search_term_string"}}],"inLanguage":"it-IT"},{"@type":"Organization","@id":"https:\/\/horizonroutes.com\/it\/#organization","name":"Horizon Routes","url":"https:\/\/horizonroutes.com\/it\/","logo":{"@type":"ImageObject","inLanguage":"it-IT","@id":"https:\/\/horizonroutes.com\/it\/#\/schema\/logo\/image\/","url":"https:\/\/horizonroutes.com\/wp-content\/uploads\/2025\/12\/Horizon-Routes-logo.svg","contentUrl":"https:\/\/horizonroutes.com\/wp-content\/uploads\/2025\/12\/Horizon-Routes-logo.svg","width":444,"height":158,"caption":"Horizon Routes"},"image":{"@id":"https:\/\/horizonroutes.com\/it\/#\/schema\/logo\/image\/"}}]}},"_links":{"self":[{"href":"https:\/\/horizonroutes.com\/it\/wp-json\/wp\/v2\/product\/1043","targetHints":{"allow":["GET"]}}],"collection":[{"href":"https:\/\/horizonroutes.com\/it\/wp-json\/wp\/v2\/product"}],"about":[{"href":"https:\/\/horizonroutes.com\/it\/wp-json\/wp\/v2\/types\/product"}],"replies":[{"embeddable":true,"href":"https:\/\/horizonroutes.com\/it\/wp-json\/wp\/v2\/comments?post=1043"}],"wp:featuredmedia":[{"embeddable":true,"href":"https:\/\/horizonroutes.com\/it\/wp-json\/wp\/v2\/media\/1042"}],"wp:attachment":[{"href":"https:\/\/horizonroutes.com\/it\/wp-json\/wp\/v2\/media?parent=1043"}],"wp:term":[{"taxonomy":"product_brand","embeddable":true,"href":"https:\/\/horizonroutes.com\/it\/wp-json\/wp\/v2\/product_brand?post=1043"},{"taxonomy":"product_cat","embeddable":true,"href":"https:\/\/horizonroutes.com\/it\/wp-json\/wp\/v2\/product_cat?post=1043"},{"taxonomy":"product_tag","embeddable":true,"href":"https:\/\/horizonroutes.com\/it\/wp-json\/wp\/v2\/product_tag?post=1043"}],"curies":[{"name":"wp","href":"https:\/\/api.w.org\/{rel}","templated":true}]}}