{"id":1002,"date":"2025-12-17T19:17:04","date_gmt":"2025-12-17T18:17:04","guid":{"rendered":"https:\/\/horizonroutes.com\/itinerary\/parigi\/"},"modified":"2026-04-14T16:32:33","modified_gmt":"2026-04-14T14:32:33","slug":"parigi","status":"publish","type":"product","link":"https:\/\/horizonroutes.com\/it\/itinerary\/parigi\/","title":{"rendered":"Parigi"},"content":{"rendered":"<p style=\"text-align: center;\">Parigi \u00e8 un sogno a cielo aperto che si dispiega tra monumenti iconici e angoli segreti intrisi di poesia. Dalla Torre Eiffel che domina lo skyline agli Champs-\u00c9lys\u00e9es illuminati, dallo splendore gotico di Notre-Dame ai tesori inestimabili del Louvre, ogni quartiere racconta secoli di arte, cultura e raffinatezza. Passeggiate per le strade acciottolate di Montmartre dove gli artisti dipingono en plein air, fate una pausa nei bistrot storici dove il profumo dei croissant appena sfornati si mescola all&#8217;aroma del caff\u00e8 e lasciatevi incantare dalle rive della Senna al tramonto, quando la citt\u00e0 \u00e8 immersa nell&#8217;oro e la magia di Parigi raggiunge il suo apice.<\/p>\n","protected":false},"excerpt":{"rendered":"<blockquote><p>Scopri la splendida e unica capitale francese con Horizon Routes: abbiamo creato itinerari da 2 a 5 giorni, con consigli e alternative per rendere la tua esperienza unica e completa. Vuoi personalizzare l&#8217;itinerario secondo il tuo passo, le tue passioni, i tuoi interessi? Acquista il pacchetto con la consulenza di 60 minuti!<\/p><\/blockquote>\n","protected":false},"featured_media":567,"comment_status":"open","ping_status":"closed","template":"","meta":[],"product_brand":[],"product_cat":[44],"product_tag":[],"class_list":{"0":"post-1002","1":"product","2":"type-product","3":"status-publish","4":"has-post-thumbnail","6":"product_cat-itinerari","8":"first","9":"instock","10":"shipping-taxable","11":"purchasable","12":"product-type-variable"},"yoast_head":"<!-- This site is optimized with the Yoast SEO plugin v27.0 - https:\/\/yoast.com\/product\/yoast-seo-wordpress\/ -->\n<title>Itinerario completo di Parigi - I migliori percorsi e consigli | Horizon Routes<\/title>\n<meta name=\"description\" content=\"Esplora Parigi come un vero parigino con il nostro itinerario dettagliato che include monumenti iconici, gemme nascoste e consigli di viaggio da insider. La tua guida definitiva per vivere la magia di Parigi.\" \/>\n<meta name=\"robots\" content=\"index, follow, max-snippet:-1, max-image-preview:large, max-video-preview:-1\" \/>\n<link rel=\"canonical\" href=\"https:\/\/horizonroutes.com\/it\/itinerary\/parigi\/\" \/>\n<meta property=\"og:locale\" content=\"it_IT\" \/>\n<meta property=\"og:type\" content=\"article\" \/>\n<meta property=\"og:title\" content=\"Itinerario completo di Parigi - I migliori percorsi e consigli | Horizon Routes\" \/>\n<meta property=\"og:description\" content=\"Esplora Parigi come un vero parigino con il nostro itinerario dettagliato che include monumenti iconici, gemme nascoste e consigli di viaggio da insider. La tua guida definitiva per vivere la magia di Parigi.\" \/>\n<meta property=\"og:url\" content=\"https:\/\/horizonroutes.com\/it\/itinerary\/parigi\/\" \/>\n<meta property=\"og:site_name\" content=\"Horizon Routes\" \/>\n<meta property=\"article:modified_time\" content=\"2026-04-14T14:32:33+00:00\" \/>\n<meta property=\"og:image\" content=\"https:\/\/horizonroutes.com\/wp-content\/uploads\/2025\/12\/pexels-pixabay-2363-e1766049746988.jpg\" \/>\n\t<meta property=\"og:image:width\" content=\"1592\" \/>\n\t<meta property=\"og:image:height\" content=\"634\" \/>\n\t<meta property=\"og:image:type\" content=\"image\/jpeg\" \/>\n<meta name=\"twitter:card\" content=\"summary_large_image\" \/>\n<meta name=\"twitter:label1\" content=\"Tempo di lettura stimato\" \/>\n\t<meta name=\"twitter:data1\" content=\"1 minuto\" \/>\n<script type=\"application\/ld+json\" class=\"yoast-schema-graph\">{\"@context\":\"https:\/\/schema.org\",\"@graph\":[{\"@type\":\"WebPage\",\"@id\":\"https:\/\/horizonroutes.com\/it\/itinerary\/parigi\/\",\"url\":\"https:\/\/horizonroutes.com\/it\/itinerary\/parigi\/\",\"name\":\"Itinerario completo di Parigi - I migliori percorsi e consigli | Horizon Routes\",\"isPartOf\":{\"@id\":\"https:\/\/horizonroutes.com\/it\/#website\"},\"primaryImageOfPage\":{\"@id\":\"https:\/\/horizonroutes.com\/it\/itinerary\/parigi\/#primaryimage\"},\"image\":{\"@id\":\"https:\/\/horizonroutes.com\/it\/itinerary\/parigi\/#primaryimage\"},\"thumbnailUrl\":\"https:\/\/horizonroutes.com\/wp-content\/uploads\/2025\/12\/pexels-pixabay-2363-e1766049746988.jpg\",\"datePublished\":\"2025-12-17T18:17:04+00:00\",\"dateModified\":\"2026-04-14T14:32:33+00:00\",\"description\":\"Esplora Parigi come un vero parigino con il nostro itinerario dettagliato che include monumenti iconici, gemme nascoste e consigli di viaggio da insider. La tua guida definitiva per vivere la magia di Parigi.\",\"breadcrumb\":{\"@id\":\"https:\/\/horizonroutes.com\/it\/itinerary\/parigi\/#breadcrumb\"},\"inLanguage\":\"it-IT\",\"potentialAction\":[{\"@type\":\"ReadAction\",\"target\":[\"https:\/\/horizonroutes.com\/it\/itinerary\/parigi\/\"]}]},{\"@type\":\"ImageObject\",\"inLanguage\":\"it-IT\",\"@id\":\"https:\/\/horizonroutes.com\/it\/itinerary\/parigi\/#primaryimage\",\"url\":\"https:\/\/horizonroutes.com\/wp-content\/uploads\/2025\/12\/pexels-pixabay-2363-e1766049746988.jpg\",\"contentUrl\":\"https:\/\/horizonroutes.com\/wp-content\/uploads\/2025\/12\/pexels-pixabay-2363-e1766049746988.jpg\",\"width\":1592,\"height\":634},{\"@type\":\"BreadcrumbList\",\"@id\":\"https:\/\/horizonroutes.com\/it\/itinerary\/parigi\/#breadcrumb\",\"itemListElement\":[{\"@type\":\"ListItem\",\"position\":1,\"name\":\"Home\",\"item\":\"https:\/\/horizonroutes.com\/it\/\"},{\"@type\":\"ListItem\",\"position\":2,\"name\":\"Negozio\",\"item\":\"https:\/\/horizonroutes.com\/it\/shop\/\"},{\"@type\":\"ListItem\",\"position\":3,\"name\":\"Parigi\"}]},{\"@type\":\"WebSite\",\"@id\":\"https:\/\/horizonroutes.com\/it\/#website\",\"url\":\"https:\/\/horizonroutes.com\/it\/\",\"name\":\"Horizon Routes\",\"description\":\"Travel smarter. Explore deeper.\",\"publisher\":{\"@id\":\"https:\/\/horizonroutes.com\/it\/#organization\"},\"potentialAction\":[{\"@type\":\"SearchAction\",\"target\":{\"@type\":\"EntryPoint\",\"urlTemplate\":\"https:\/\/horizonroutes.com\/it\/?s={search_term_string}\"},\"query-input\":{\"@type\":\"PropertyValueSpecification\",\"valueRequired\":true,\"valueName\":\"search_term_string\"}}],\"inLanguage\":\"it-IT\"},{\"@type\":\"Organization\",\"@id\":\"https:\/\/horizonroutes.com\/it\/#organization\",\"name\":\"Horizon Routes\",\"url\":\"https:\/\/horizonroutes.com\/it\/\",\"logo\":{\"@type\":\"ImageObject\",\"inLanguage\":\"it-IT\",\"@id\":\"https:\/\/horizonroutes.com\/it\/#\/schema\/logo\/image\/\",\"url\":\"https:\/\/horizonroutes.com\/wp-content\/uploads\/2025\/12\/Horizon-Routes-logo.svg\",\"contentUrl\":\"https:\/\/horizonroutes.com\/wp-content\/uploads\/2025\/12\/Horizon-Routes-logo.svg\",\"width\":444,\"height\":158,\"caption\":\"Horizon Routes\"},\"image\":{\"@id\":\"https:\/\/horizonroutes.com\/it\/#\/schema\/logo\/image\/\"}}]}<\/script>\n<!-- \/ Yoast SEO plugin. -->","yoast_head_json":{"title":"Itinerario completo di Parigi - I migliori percorsi e consigli | Horizon Routes","description":"Esplora Parigi come un vero parigino con il nostro itinerario dettagliato che include monumenti iconici, gemme nascoste e consigli di viaggio da insider. La tua guida definitiva per vivere la magia di Parigi.","robots":{"index":"index","follow":"follow","max-snippet":"max-snippet:-1","max-image-preview":"max-image-preview:large","max-video-preview":"max-video-preview:-1"},"canonical":"https:\/\/horizonroutes.com\/it\/itinerary\/parigi\/","og_locale":"it_IT","og_type":"article","og_title":"Itinerario completo di Parigi - I migliori percorsi e consigli | Horizon Routes","og_description":"Esplora Parigi come un vero parigino con il nostro itinerario dettagliato che include monumenti iconici, gemme nascoste e consigli di viaggio da insider. La tua guida definitiva per vivere la magia di Parigi.","og_url":"https:\/\/horizonroutes.com\/it\/itinerary\/parigi\/","og_site_name":"Horizon Routes","article_modified_time":"2026-04-14T14:32:33+00:00","og_image":[{"width":1592,"height":634,"url":"https:\/\/horizonroutes.com\/wp-content\/uploads\/2025\/12\/pexels-pixabay-2363-e1766049746988.jpg","type":"image\/jpeg"}],"twitter_card":"summary_large_image","twitter_misc":{"Tempo di lettura stimato":"1 minuto"},"schema":{"@context":"https:\/\/schema.org","@graph":[{"@type":"WebPage","@id":"https:\/\/horizonroutes.com\/it\/itinerary\/parigi\/","url":"https:\/\/horizonroutes.com\/it\/itinerary\/parigi\/","name":"Itinerario completo di Parigi - I migliori percorsi e consigli | Horizon Routes","isPartOf":{"@id":"https:\/\/horizonroutes.com\/it\/#website"},"primaryImageOfPage":{"@id":"https:\/\/horizonroutes.com\/it\/itinerary\/parigi\/#primaryimage"},"image":{"@id":"https:\/\/horizonroutes.com\/it\/itinerary\/parigi\/#primaryimage"},"thumbnailUrl":"https:\/\/horizonroutes.com\/wp-content\/uploads\/2025\/12\/pexels-pixabay-2363-e1766049746988.jpg","datePublished":"2025-12-17T18:17:04+00:00","dateModified":"2026-04-14T14:32:33+00:00","description":"Esplora Parigi come un vero parigino con il nostro itinerario dettagliato che include monumenti iconici, gemme nascoste e consigli di viaggio da insider. La tua guida definitiva per vivere la magia di Parigi.","breadcrumb":{"@id":"https:\/\/horizonroutes.com\/it\/itinerary\/parigi\/#breadcrumb"},"inLanguage":"it-IT","potentialAction":[{"@type":"ReadAction","target":["https:\/\/horizonroutes.com\/it\/itinerary\/parigi\/"]}]},{"@type":"ImageObject","inLanguage":"it-IT","@id":"https:\/\/horizonroutes.com\/it\/itinerary\/parigi\/#primaryimage","url":"https:\/\/horizonroutes.com\/wp-content\/uploads\/2025\/12\/pexels-pixabay-2363-e1766049746988.jpg","contentUrl":"https:\/\/horizonroutes.com\/wp-content\/uploads\/2025\/12\/pexels-pixabay-2363-e1766049746988.jpg","width":1592,"height":634},{"@type":"BreadcrumbList","@id":"https:\/\/horizonroutes.com\/it\/itinerary\/parigi\/#breadcrumb","itemListElement":[{"@type":"ListItem","position":1,"name":"Home","item":"https:\/\/horizonroutes.com\/it\/"},{"@type":"ListItem","position":2,"name":"Negozio","item":"https:\/\/horizonroutes.com\/it\/shop\/"},{"@type":"ListItem","position":3,"name":"Parigi"}]},{"@type":"WebSite","@id":"https:\/\/horizonroutes.com\/it\/#website","url":"https:\/\/horizonroutes.com\/it\/","name":"Horizon Routes","description":"Travel smarter. Explore deeper.","publisher":{"@id":"https:\/\/horizonroutes.com\/it\/#organization"},"potentialAction":[{"@type":"SearchAction","target":{"@type":"EntryPoint","urlTemplate":"https:\/\/horizonroutes.com\/it\/?s={search_term_string}"},"query-input":{"@type":"PropertyValueSpecification","valueRequired":true,"valueName":"search_term_string"}}],"inLanguage":"it-IT"},{"@type":"Organization","@id":"https:\/\/horizonroutes.com\/it\/#organization","name":"Horizon Routes","url":"https:\/\/horizonroutes.com\/it\/","logo":{"@type":"ImageObject","inLanguage":"it-IT","@id":"https:\/\/horizonroutes.com\/it\/#\/schema\/logo\/image\/","url":"https:\/\/horizonroutes.com\/wp-content\/uploads\/2025\/12\/Horizon-Routes-logo.svg","contentUrl":"https:\/\/horizonroutes.com\/wp-content\/uploads\/2025\/12\/Horizon-Routes-logo.svg","width":444,"height":158,"caption":"Horizon Routes"},"image":{"@id":"https:\/\/horizonroutes.com\/it\/#\/schema\/logo\/image\/"}}]}},"_links":{"self":[{"href":"https:\/\/horizonroutes.com\/it\/wp-json\/wp\/v2\/product\/1002","targetHints":{"allow":["GET"]}}],"collection":[{"href":"https:\/\/horizonroutes.com\/it\/wp-json\/wp\/v2\/product"}],"about":[{"href":"https:\/\/horizonroutes.com\/it\/wp-json\/wp\/v2\/types\/product"}],"replies":[{"embeddable":true,"href":"https:\/\/horizonroutes.com\/it\/wp-json\/wp\/v2\/comments?post=1002"}],"wp:featuredmedia":[{"embeddable":true,"href":"https:\/\/horizonroutes.com\/it\/wp-json\/wp\/v2\/media\/567"}],"wp:attachment":[{"href":"https:\/\/horizonroutes.com\/it\/wp-json\/wp\/v2\/media?parent=1002"}],"wp:term":[{"taxonomy":"product_brand","embeddable":true,"href":"https:\/\/horizonroutes.com\/it\/wp-json\/wp\/v2\/product_brand?post=1002"},{"taxonomy":"product_cat","embeddable":true,"href":"https:\/\/horizonroutes.com\/it\/wp-json\/wp\/v2\/product_cat?post=1002"},{"taxonomy":"product_tag","embeddable":true,"href":"https:\/\/horizonroutes.com\/it\/wp-json\/wp\/v2\/product_tag?post=1002"}],"curies":[{"name":"wp","href":"https:\/\/api.w.org\/{rel}","templated":true}]}}